{"id":496,"date":"2020-08-13T12:51:00","date_gmt":"2020-08-13T16:51:00","guid":{"rendered":"https:\/\/dexcomdeepdive.ca\/?page_id=20"},"modified":"2026-04-02T16:22:52","modified_gmt":"2026-04-02T20:22:52","slug":"recording","status":"publish","type":"page","link":"https:\/\/dexcomdeepdive.ca\/fr-CA\/recording\/","title":{"rendered":"Recording"},"content":{"rendered":"<div class=\"wpb-content-wrapper\"><p>[vc_row][vc_column]\n\t\t\t\t\t\t<div class=\"wpb-pagebanner\">\n\t\t\t\t\t\t\t<div class=\"flex\">\n\t\t\t\t\t\t\t\t<div class=\"image\"><img decoding=\"async\" src=\"https:\/\/dexcomdeepdive.ca\/fr-CA\/wp-content\/uploads\/2022\/09\/french_email.header2.jpg\" \/><\/div>\n\t\t\t\t\t\t\t\t<div class=\"text\"><\/p>\n<h2>Enregistrements sur demande<\/h2>\n<div style=\"font-size: 18px; padding: 20px 0px;\">\n<p><strong>Envie d\u2019en apprendre plus sur la SCG?<\/strong><\/p>\n<p>Rejoignez le Centre d\u2019\u00e9ducation de Dexcom pour acc\u00e9der \u00e0 des micro-formations gratuites.<\/p>\n<p><a class=\"button-link\" style=\"margin-top: 10px;\" href=\"http:\/\/ca-centreeducation.dexcom.com\" target=\"_blank\" rel=\"noopener\">Rejoignez le Centre d\u2019\u00e9ducation Dexcom<\/a><\/p>\n<\/div>\n<p><\/div>\n\t\t\t\t\t\t\t<\/div>\n\t\t\t\t\t\t<\/div>[\/vc_column][\/vc_row][vc_row css=&#8221;.vc_custom_1775053453182{margin-top: 30px !important;margin-bottom: 60px !important;}&#8221;][vc_column]<form id=\"formFilter\" method=\"POST\"><div class=\"row\"><div class=\"col-sm-3\"><select name=\"fDates\" id=\"fDates\" class=\"niceselect\"><option selected=\"selected\" value=\"0\">Ann\u00e9e<\/option><option value=\"2022\">2022<\/option><option value=\"2023\">2023<\/option><option value=\"2024\">2024<\/option><option value=\"2025\">2025<\/option><option value=\"2026\">2026<\/option><\/select><\/div><div class=\"col-sm-3\"><select name=\"fPresenter\" id=\"fPresenter\" class=\"niceselect\"><option selected=\"selected\" value=\"0\">Conf\u00e9rencier<\/option><option value=\"Anne-Sophie Brazeau, Dt.P., Ph.D\">Anne-Sophie Brazeau, Dt.P., Ph.D<\/option><option value=\"Catherine Goulet-Delorme Inf. clin., \u00c9AD\">Catherine Goulet-Delorme Inf. clin., \u00c9AD<\/option><option value=\"D<sup>r<\/sup> Jean-Fran\u00e7ois Yale\">D<sup>r<\/sup> Jean-Fran\u00e7ois Yale<\/option><option value=\"D<sup>r<\/sup> Martin D'Amours\">D<sup>r<\/sup> Martin D'Amours<\/option><option value=\"D<sup>r<\/sup> R\u00e9mi Rabasa-Lhoret\">D<sup>r<\/sup> R\u00e9mi Rabasa-Lhoret<\/option><option value=\"D<sup>r<\/sup> Yves Robitaille\">D<sup>r<\/sup> Yves Robitaille<\/option><option value=\"D<sup>re<\/sup> Chantal Godin\">D<sup>re<\/sup> Chantal Godin<\/option><option value=\"D<sup>re<\/sup> C\u00e9line Huot\">D<sup>re<\/sup> C\u00e9line Huot<\/option><option value=\"D<sup>re<\/sup> Judith Simoneau-Roy\">D<sup>re<\/sup> Judith Simoneau-Roy<\/option><option value=\"D<sup>re<\/sup> Nadine Taleb\">D<sup>re<\/sup> Nadine Taleb<\/option><option value=\"D<sup>re<\/sup> Patricia Lemieux\">D<sup>re<\/sup> Patricia Lemieux<\/option><option value=\"D<sup>re<\/sup> Stavroula Christopoulos\">D<sup>re<\/sup> Stavroula Christopoulos<\/option><option value=\"D<sup>re<\/sup> Zeina Yared\">D<sup>re<\/sup> Zeina Yared<\/option><option value=\"Gabrielle Schmid, Dt.P., \u00c9AD, FAP\">Gabrielle Schmid, Dt.P., \u00c9AD, FAP<\/option><option value=\"Jane Yardley, Ph.D.\">Jane Yardley, Ph.D.<\/option><option value=\"Maha Saad\u00e9, Dt.P., M.Sc., \u00c9AD, FAP\">Maha Saad\u00e9, Dt.P., M.Sc., \u00c9AD, FAP<\/option><\/select><\/div><div class=\"col-sm-3\"><select name=\"fCategory\" id=\"fCategory\" class=\"niceselect\"><option selected=\"selected\" value=\"0\">\u00c9tiquettes<\/option><option value=\"alarmes_et_alertes\">Alarmes et alertes<\/option><option value=\"Diab\u00e8te_type_1\">Diab\u00e8te type 1<\/option><option value=\"Diab\u00e8te_type_2\">Diab\u00e8te type 2<\/option><option value=\"Exercise\">Exercise<\/option><option value=\"Interpr\u00e9tation_-_Surveillance_du_glucose_en_continu\">Interpr\u00e9tation - Surveillance du glucose en continu<\/option><option value=\"Sant\u00e9_de_la_femme\">Sant\u00e9 de la femme<\/option><option value=\"Sant\u00e9_mentale\">Sant\u00e9 mentale<\/option><option value=\"Soins_p\u00e9diatriques\">Soins p\u00e9diatriques<\/option><option value=\"standard_of_care\">Standard of Care<\/option><option value=\"Trucs_pratiques\">Trucs pratiques<\/option><\/select><\/div><div class=\"col-sm-3\"><div class=\"viewall\"><span>Effacer les filtres<\/span><\/div><\/div><\/div><\/form>\n\t\t\t\t<div class=\" wpb_newhomepageevents \"><div class=\"events\"><div class=\"event recording con\">\n\t\t\t<div class=\"image event-image-check\" style=\"background-image:url(https:\/\/dexcomdeepdive.ca\/fr-CA\/wp-content\/uploads\/2024\/11\/Connected_Web_Thumbnail_FR.jpg)\">\n\t\t\t\t<div class=\"cat adults\">Adultes<\/div><div class=\"overlay\"><a class=\"vimeo-launch\" data-vimeo-id=\"1020241157\" data-vimeo-hash=\"e70da9fbef\"  href=\"#\/\">Visionner<\/a><\/div><\/div><div class=\"title\">Se connecter avec le G7 \u2013 Maintenant encore plus facile<\/div><div class=\"row detail\"><div class=\"col-md-7 host\">Catherine Goulet-Delorme Inf. clin., \u00c9AD & <span>Sarah Blunden, DtP, M.Sc., \u00c9AD<\/span><br><strong>33 minutes<\/strong><\/div><div class=\"col-md-5\"><\/div><\/div><div class=\"tags\"><span class=\"tag\">Alarmes et alertes<\/span><span class=\"tag\">Trucs pratiques<\/span><\/div><\/div><div class=\"event recording \">\n\t\t\t<div class=\"image event-image-check\" style=\"background-image:url(https:\/\/dexcomdeepdive.ca\/fr-CA\/wp-content\/uploads\/2025\/10\/Session1_CGM-as-your-Co-Pilot-Nudging-Behavior-Change.jpg)\">\n\t\t\t\t<div class=\"cat adults\">Adultes<\/div><div class=\"overlay\"><a class=\"vimeo-launch\" data-vimeo-id=\"1177821111\" data-vimeo-hash=\"945b63f9e0\"  href=\"#\/\">Visionner<\/a><\/div><\/div><div class=\"title\">Faites de la SCG votre copilote : Favoriser un changement de comportement<\/div><div class=\"row detail\"><div class=\"col-md-7 host\">Maha Saad\u00e9, Dt.P., M.Sc., \u00c9AD, FAP & <span>H\u00e9l\u00e8ne Porada, Dt.P., \u00c9AD<\/span><br><strong>1 heure<\/strong><\/div><div class=\"col-md-5\"><\/div><\/div><div class=\"tags\"><span class=\"tag\">Alarmes et alertes<\/span><span class=\"tag\">Trucs pratiques<\/span><\/div><\/div><div class=\"event recording \">\n\t\t\t<div class=\"image event-image-check\" style=\"background-image:url(https:\/\/dexcomdeepdive.ca\/fr-CA\/wp-content\/uploads\/2024\/11\/Image_The-Role-of-Tech.jpg)\">\n\t\t\t\t<div class=\"cat adults\">Adultes<\/div><div class=\"overlay\"><a class=\"vimeo-launch\" data-vimeo-id=\"1179321303\" data-vimeo-hash=\"b2105bb44d\"  href=\"#\/\">Visionner<\/a><\/div><\/div><div class=\"title\">Le r\u00f4le de la technologie dans la formation des comportements et des habitudes alimentaires<\/div><div class=\"row detail\"><div class=\"col-md-7 host\">Anne-Sophie Brazeau, Dt.P., Ph.D & <span>Maha Saad\u00e9, Dt.P., M. Sc., \u00c9AD, FAP<\/span><br><strong>1 h 10 min<\/strong><\/div><div class=\"col-md-5\"><\/div><\/div><div class=\"tags\"><span class=\"tag\">Interpr\u00e9tation - Surveillance du glucose en continu<\/span><span class=\"tag\">Trucs pratiques<\/span><\/div><\/div><div class=\"event recording \">\n\t\t\t<div class=\"image event-image-check\" style=\"background-image:url(https:\/\/dexcomdeepdive.ca\/fr-CA\/wp-content\/uploads\/2024\/11\/Image_Breaking-Boundaries-in-T1D-Care.jpg)\">\n\t\t\t\t<div class=\"cat adults\">Adultes<\/div><div class=\"overlay\"><a class=\"vimeo-launch\" data-vimeo-id=\"1179321303\" data-vimeo-hash=\"b2105bb44d\"  href=\"#\/\">Visionner<\/a><\/div><\/div><div class=\"title\">Franchir les barri\u00e8res dans le traitement du DT1<\/div><div class=\"row detail\"><div class=\"col-md-7 host\">D<sup>r<\/sup> Martin D'Amours & <span>Annie Castonguay<\/span><br><strong>1 h 10 m<\/strong><\/div><div class=\"col-md-5\"><\/div><\/div><div class=\"tags\"><span class=\"tag\">Diab\u00e8te type 1<\/span><span class=\"tag\">Trucs pratiques<\/span><\/div><\/div><div class=\"event recording \">\n\t\t\t<div class=\"image event-image-check\" style=\"background-image:url(https:\/\/dexcomdeepdive.ca\/fr-CA\/wp-content\/uploads\/2024\/11\/Image_Seeing-is-Believing.jpg)\">\n\t\t\t\t<div class=\"cat adults\">Adultes<\/div><div class=\"overlay\"><a class=\"vimeo-launch\" data-vimeo-id=\"1068233567\" data-vimeo-hash=\"c1bf7b2216\"  href=\"#\/\">Visionner<\/a><\/div><\/div><div class=\"title\">Il faut le voir pour le croire : Comment la sensibilisation au taux de glucose a-t-elle transform\u00e9 les soins du DT2?<\/div><div class=\"row detail\"><div class=\"col-md-7 host\">D<sup>r<\/sup> Yves Robitaille & <span>M\u00e9lanie Desautels, infirmi\u00e8re clinicienne<\/span><br><strong>1 heure<\/strong><\/div><div class=\"col-md-5\"><\/div><\/div><div class=\"tags\"><span class=\"tag\">Diab\u00e8te type 2<\/span><span class=\"tag\">Standard of Care<\/span><\/div><\/div><div class=\"event recording \">\n\t\t\t<div class=\"image event-image-check\" style=\"background-image:url(https:\/\/dexcomdeepdive.ca\/fr-CA\/wp-content\/uploads\/2024\/11\/Image_Bring-out-the-Best-in-People.jpg)\">\n\t\t\t\t<div class=\"cat adults\">Adultes<\/div><div class=\"overlay\"><a class=\"vimeo-launch\" data-vimeo-id=\"1091801627\" data-vimeo-hash=\"3d65f03cda\"  href=\"#\/\">Visionner<\/a><\/div><\/div><div class=\"title\">Amenez les personnes \u00e0 donner le meilleur d\u2019elles-m\u00eames : Am\u00e9liorez vos comp\u00e9tences en mati\u00e8re d&#8217;accompagnement<\/div><div class=\"row detail\"><div class=\"col-md-7 host\">Gabrielle Schmid, Dt.P., \u00c9AD, FAP & <span>Loredana Talos, IPSSA<\/span><br><strong>1 heure<\/strong><\/div><div class=\"col-md-5\"><\/div><\/div><div class=\"tags\"><span class=\"tag\">Trucs pratiques<\/span><span class=\"tag\">Sant\u00e9 mentale<\/span><\/div><\/div><div class=\"event recording \">\n\t\t\t<div class=\"image event-image-check\" style=\"background-image:url(https:\/\/dexcomdeepdive.ca\/fr-CA\/wp-content\/uploads\/2023\/09\/oct25.jpg)\">\n\t\t\t\t<div class=\"cat adults\">Adultes<\/div><div class=\"overlay\"><a class=\"vimeo-launch\" data-vimeo-id=\"1035317420\" data-vimeo-hash=\"ed81c15967\"  href=\"#\/\">Visionner<\/a><\/div><\/div><div class=\"title\">G\u00e9rer les relations : Impliquer les proches et les aidants dans la gestion du diab\u00e8te avec bienveillance\u00a0et courtoisie<\/div><div class=\"row detail\"><div class=\"col-md-7 host\">D<sup>re<\/sup> Zeina Yared & <span>Kimberly Gravel<\/span><br><strong>57 minutes<\/strong><\/div><div class=\"col-md-5\"><\/div><\/div><div class=\"tags\"><span class=\"tag\">Trucs pratiques<\/span><span class=\"tag\">Sant\u00e9 mentale<\/span><\/div><\/div><div class=\"event recording \">\n\t\t\t<div class=\"image event-image-check\" style=\"background-image:url(https:\/\/dexcomdeepdive.ca\/fr-CA\/wp-content\/uploads\/2023\/09\/sept27-1.jpg)\">\n\t\t\t\t<div class=\"cat adults\">Adultes<\/div><div class=\"overlay\"><a class=\"vimeo-launch\" data-vimeo-id=\"1026179547\" data-vimeo-hash=\"7333372e15\"  href=\"#\/\">Visionner<\/a><\/div><\/div><div class=\"title\">Utiliser les donn\u00e9es de SCGtr : reconna\u00eetre les tendances glyc\u00e9miques et prioriser les interventions significatives<\/div><div class=\"row detail\"><div class=\"col-md-7 host\">D<sup>re<\/sup> Chantal Godin & <span>Tammy Cadieux, Inf. clin.<\/span><br><strong>59 minutes<\/strong><\/div><div class=\"col-md-5\"><\/div><\/div><div class=\"tags\"><span class=\"tag\">Interpr\u00e9tation - Surveillance du glucose en continu<\/span><span class=\"tag\">Trucs pratiques<\/span><\/div><\/div><div class=\"event recording \">\n\t\t\t<div class=\"image event-image-check\" style=\"background-image:url(https:\/\/dexcomdeepdive.ca\/fr-CA\/wp-content\/uploads\/2023\/09\/exercise.jpg)\">\n\t\t\t\t<div class=\"cat adults\">Adultes<\/div><div class=\"overlay\"><a class=\"vimeo-launch\" data-vimeo-id=\"1019790877\" data-vimeo-hash=\"b4e187abe2\"  href=\"#\/\">Visionner<\/a><\/div><\/div><div class=\"title\">Des activit\u00e9s quotidiennes aux journ\u00e9es de comp\u00e9tition : Strat\u00e9gie pour rendre autonome les personnes atteintes de diab\u00e8te \u00e0 faire de l\u2019exercice en toute confiance<\/div><div class=\"row detail\"><div class=\"col-md-7 host\">Jane Yardley, Ph.D. & <span>D<sup>r<\/sup> R\u00e9mi Rabasa-Lhoret<\/span><br><strong>1 heure<\/strong><\/div><div class=\"col-md-5\"><\/div><\/div><div class=\"tags\"><span class=\"tag\">Trucs pratiques<\/span><span class=\"tag\">Exercise<\/span><\/div><\/div><div class=\"event recording \">\n\t\t\t<div class=\"image event-image-check\" style=\"background-image:url(https:\/\/dexcomdeepdive.ca\/fr-CA\/wp-content\/uploads\/2023\/09\/may10.jpg)\">\n\t\t\t\t<div class=\"cat adults\">Adultes<\/div><div class=\"overlay\"><a class=\"vimeo-launch\" data-vimeo-id=\"956046747\" data-vimeo-hash=\"b4ba7d5334\"  href=\"#\/\">Visionner<\/a><\/div><\/div><div class=\"title\">Faire face \u00e0 l\u2019hypoglyc\u00e9mie\u00a0: adopter la SCGtr comme outil de soutien<\/div><div class=\"row detail\"><div class=\"col-md-7 host\">D<sup>r<\/sup> Jean-Fran\u00e7ois Yale & <span>Meryem Talbo, P.Dt., M.Sc., Ph.D.(c)<\/span><br><strong>1 heure<\/strong><\/div><div class=\"col-md-5\"><\/div><\/div><div class=\"tags\"><span class=\"tag\">Trucs pratiques<\/span><\/div><\/div><div class=\"event recording \">\n\t\t\t<div class=\"image event-image-check\" style=\"background-image:url(https:\/\/dexcomdeepdive.ca\/fr-CA\/wp-content\/uploads\/2023\/09\/april25.jpg)\">\n\t\t\t\t<div class=\"cat adults\">Adultes<\/div><div class=\"overlay\"><a class=\"vimeo-launch\" data-vimeo-id=\"943270256\" data-vimeo-hash=\"f82cb6ab99\"  href=\"#\/\">Visionner<\/a><\/div><\/div><div class=\"title\">Le parcours de la grossesse avec la SCGtr : d\u2019avant la conception au post-partum<\/div><div class=\"row detail\"><div class=\"col-md-7 host\">D<sup>re<\/sup> Patricia Lemieux & <span>D<sup>re<\/sup> Marie-H\u00e9l\u00e8ne Pesant<\/span><br><strong>1 heure<\/strong><\/div><div class=\"col-md-5\"><\/div><\/div><div class=\"tags\"><span class=\"tag\">Trucs pratiques<\/span><span class=\"tag\">Sant\u00e9 de la femme<\/span><\/div><\/div><div class=\"event recording \">\n\t\t\t<div class=\"image event-image-check\" style=\"background-image:url(https:\/\/dexcomdeepdive.ca\/fr-CA\/wp-content\/uploads\/2023\/09\/feb23.jpg)\">\n\t\t\t\t<div class=\"cat adults\">Adultes<\/div><div class=\"overlay\"><a class=\"vimeo-launch\" data-vimeo-id=\"935108489\" data-vimeo-hash=\"51b45f876e\"  href=\"#\/\">Visionner<\/a><\/div><\/div><div class=\"title\">Favoriser l\u2019engagement : utiliser les donn\u00e9es sur le glucose au moment pr\u00e9sent\u00a0pour influencer les comportements<\/div><div class=\"row detail\"><div class=\"col-md-7 host\">D<sup>r<\/sup> Yves Robitaille & <span>Claudia Huard, Inf. clin.<\/span><br><strong>1 heure<\/strong><\/div><div class=\"col-md-5\"><\/div><\/div><div class=\"tags\"><span class=\"tag\">Alarmes et alertes<\/span><span class=\"tag\">Interpr\u00e9tation - Surveillance du glucose en continu<\/span><\/div><\/div><div class=\"event recording \">\n\t\t\t<div class=\"image event-image-check\" style=\"background-image:url(https:\/\/dexcomdeepdive.ca\/fr-CA\/wp-content\/uploads\/2023\/09\/jan19-1.jpg)\">\n\t\t\t\t<div class=\"cat adults\">Adultes<\/div><div class=\"overlay\"><a class=\"vimeo-launch\" data-vimeo-id=\"914442076\" data-vimeo-hash=\"17cf72fec3\"  href=\"#\/\">Visionner<\/a><\/div><\/div><div class=\"title\">Pas tr\u00e8s technophile? Strat\u00e9gies pour int\u00e9grer la SCGtr chez les personnes qui ne sont pas \u00e0 l\u2019aise avec la technologie<\/div><div class=\"row detail\"><div class=\"col-md-7 host\">D<sup>re<\/sup> Stavroula Christopoulos & <span>Annie Castonguay, Inf. clin.<\/span><br><strong>1 heure<\/strong><\/div><div class=\"col-md-5\"><\/div><\/div><div class=\"tags\"><span class=\"tag\">Trucs pratiques<\/span><\/div><\/div><div class=\"event recording \">\n\t\t\t<div class=\"image event-image-check\" style=\"background-image:url(https:\/\/dexcomdeepdive.ca\/fr-CA\/wp-content\/uploads\/2022\/12\/techinturbulenttime.jpg)\">\n\t\t\t\t<div class=\"cat adults\">Adultes<\/div><div class=\"overlay\"><a class=\"vimeo-launch\" data-vimeo-id=\"1179351172\" data-vimeo-hash=\"ac39ab10e7\"  href=\"#\/\">Visionner<\/a><\/div><\/div><div class=\"title\">La technologie en p\u00e9riode de turbulence : Aider les pr\u00e9adolescents et les adolescents \u00e0 pers\u00e9v\u00e9rer<\/div><div class=\"row detail\"><div class=\"col-md-7 host\">D<sup>re<\/sup> Judith Simoneau-Roy & <span>Maude Lafontaine H\u00e9bert, MCH<\/span><br><strong>57 minutes<\/strong><\/div><div class=\"col-md-5\"><\/div><\/div><div class=\"tags\"><span class=\"tag\">Trucs pratiques<\/span><span class=\"tag\">Soins p\u00e9diatriques<\/span><\/div><\/div><div class=\"event recording \">\n\t\t\t<div class=\"image event-image-check\" style=\"background-image:url(https:\/\/dexcomdeepdive.ca\/fr-CA\/wp-content\/uploads\/2022\/12\/NoMansLand.jpg)\">\n\t\t\t\t<div class=\"cat adults\">Adultes<\/div><div class=\"overlay\"><a class=\"vimeo-launch\" data-vimeo-id=\"1179348020\" data-vimeo-hash=\"3466570b8e\"  href=\"#\/\">Visionner<\/a><\/div><\/div><div class=\"title\">\u00ab\u00a0No man\u2019s land\u00a0\u00bb : D\u00e9fis du diab\u00e8te qui passent parfois inaper\u00e7us chez les hommes<\/div><div class=\"row detail\"><div class=\"col-md-7 host\">D<sup>r<\/sup> Yves Robitaille & <span>Gabrielle Schmid, Dt.P., \u00c9AD, FAP<\/span><br><strong>59 minutes<\/strong><\/div><div class=\"col-md-5\"><\/div><\/div><div class=\"tags\"><span class=\"tag\">Diab\u00e8te type 1<\/span><span class=\"tag\">Sant\u00e9 mentale<\/span><\/div><\/div><div class=\"event recording \">\n\t\t\t<div class=\"image event-image-check\" style=\"background-image:url(https:\/\/dexcomdeepdive.ca\/fr-CA\/wp-content\/uploads\/2022\/12\/Zoninginonzillenials.jpg)\">\n\t\t\t\t<div class=\"cat adults\">Adultes<\/div><div class=\"overlay\"><a class=\"vimeo-launch\" data-vimeo-id=\"1179346426\" data-vimeo-hash=\"d106578f6a\"  href=\"#\/\">Visionner<\/a><\/div><\/div><div class=\"title\">Zoom sur les \u00ab zillenniaux \u00bb : Aider les jeunes adultes \u00e0 survivre et \u00e0 s&#8217;\u00e9panouir<\/div><div class=\"row detail\"><div class=\"col-md-7 host\">D<sup>re<\/sup> Nadine Taleb & <span>Maaha Saad\u00e9,  Dt.P., \u00c9AD, FAP<\/span><br><strong>1 heure 4 minutes<\/strong><\/div><div class=\"col-md-5\"><\/div><\/div><div class=\"tags\"><span class=\"tag\">Trucs pratiques<\/span><\/div><\/div><div class=\"event recording \">\n\t\t\t<div class=\"image event-image-check\" style=\"background-image:url(https:\/\/dexcomdeepdive.ca\/fr-CA\/wp-content\/uploads\/2022\/09\/Dec2_session.jpg)\">\n\t\t\t\t<div class=\"cat adults\">Adultes<\/div><div class=\"overlay\"><a class=\"vimeo-launch\" data-vimeo-id=\"793966075\" data-vimeo-hash=\"0f835c4a64\"  href=\"#\/\">Visionner<\/a><\/div><\/div><div class=\"title\">Des chenilles affam\u00e9es : Conseils pour l\u2019utilisation de la technologie chez les tout-petits<\/div><div class=\"row detail\"><div class=\"col-md-7 host\">D<sup>re<\/sup> C\u00e9line Huot<br><strong>58 minutes<\/strong><\/div><div class=\"col-md-5\"><\/div><\/div><div class=\"tags\"><span class=\"tag\">Trucs pratiques<\/span><span class=\"tag\">Soins p\u00e9diatriques<\/span><\/div><\/div><div class=\"event recording \">\n\t\t\t<div class=\"image event-image-check\" style=\"background-image:url(https:\/\/dexcomdeepdive.ca\/fr-CA\/wp-content\/uploads\/2022\/09\/Nov25_session.jpg)\">\n\t\t\t\t<div class=\"cat adults\">Adultes<\/div><div class=\"overlay\"><a class=\"vimeo-launch\" data-vimeo-id=\"1179299948\" data-vimeo-hash=\"688c4d0d7a\"  href=\"#\/\">Visionner<\/a><\/div><\/div><div class=\"title\">Des menstruations \u00e0 la m\u00e9nopause : Naviguer sur les montagnes russes de la glyc\u00e9mie<\/div><div class=\"row detail\"><div class=\"col-md-7 host\">D<sup>r<\/sup> R\u00e9mi Rabasa-Lhoret & <span>Anne Bonhoure, M.Sc., Canditate Ph.D. Nutrition<\/span><br><strong>45 minutes<\/strong><\/div><div class=\"col-md-5\"><\/div><\/div><div class=\"tags\"><span class=\"tag\">Trucs pratiques<\/span><span class=\"tag\">Sant\u00e9 de la femme<\/span><\/div><\/div>\n\t\t<\/div><\/div>\n\t\t<div class=\"text-right\">\n\t\t<div class=\"articles pagination\">\n\t\t<\/div><\/div>[\/vc_column][\/vc_row][vc_row disable_element=&#8221;yes&#8221;][vc_column][vc_column_text]<\/p>\n<p style=\"text-align: center;\"><span style=\"font-size: 22px;\">There are no recordings available at the moment. <\/span><\/p>\n<p style=\"text-align: center;\"><span style=\"font-size: 22px;\">Please come back later to view the recordings of the Deep Dive virtual sessions.<\/span><\/p>\n<p>[\/vc_column_text][\/vc_column][\/vc_row][vc_row][vc_column][vc_column_text]<\/p>\n<p style=\"text-align: center;\"><span style=\"font-size: 20px;\"><a style=\"text-decoration: underline;\" href=\"https:\/\/dexcomdeepdive.ca\/fr-CA\/\">Cliquez ici<\/a> pour vous inscrire \u00e0 une session en direct de Revue en profondeur \u00e0 venir.<\/span><\/p>\n<p>[\/vc_column_text][\/vc_column][\/vc_row]<\/p>\n<\/div>","protected":false},"excerpt":{"rendered":"<p>[vc_row][vc_column][\/vc_column][\/vc_row][vc_row css=&#8221;.vc_custom_1775053453182{margin-top: 30px !important;margin-bottom: 60px !important;}&#8221;][vc_column][\/vc_column][\/vc_row][vc_row disable_element=&#8221;yes&#8221;][vc_column][vc_column_text] There are no recordings available at the moment. Please come back later to view the recordings of the Deep Dive virtual sessions. [\/vc_column_text][\/vc_column][\/vc_row][vc_row][vc_column][vc_column_text] Cliquez ici pour vous inscrire \u00e0 une session en direct de Revue en profondeur \u00e0 venir. [\/vc_column_text][\/vc_column][\/vc_row]<\/p>\n","protected":false},"author":1,"featured_media":0,"parent":0,"menu_order":0,"comment_status":"closed","ping_status":"closed","template":"","meta":{"_acf_changed":false,"footnotes":""},"class_list":["post-496","page","type-page","status-publish","hentry"],"acf":[],"_links":{"self":[{"href":"https:\/\/dexcomdeepdive.ca\/fr-CA\/wp-json\/wp\/v2\/pages\/496","targetHints":{"allow":["GET"]}}],"collection":[{"href":"https:\/\/dexcomdeepdive.ca\/fr-CA\/wp-json\/wp\/v2\/pages"}],"about":[{"href":"https:\/\/dexcomdeepdive.ca\/fr-CA\/wp-json\/wp\/v2\/types\/page"}],"author":[{"embeddable":true,"href":"https:\/\/dexcomdeepdive.ca\/fr-CA\/wp-json\/wp\/v2\/users\/1"}],"replies":[{"embeddable":true,"href":"https:\/\/dexcomdeepdive.ca\/fr-CA\/wp-json\/wp\/v2\/comments?post=496"}],"version-history":[{"count":19,"href":"https:\/\/dexcomdeepdive.ca\/fr-CA\/wp-json\/wp\/v2\/pages\/496\/revisions"}],"predecessor-version":[{"id":2395,"href":"https:\/\/dexcomdeepdive.ca\/fr-CA\/wp-json\/wp\/v2\/pages\/496\/revisions\/2395"}],"wp:attachment":[{"href":"https:\/\/dexcomdeepdive.ca\/fr-CA\/wp-json\/wp\/v2\/media?parent=496"}],"curies":[{"name":"wp","href":"https:\/\/api.w.org\/{rel}","templated":true}]}}